{"id":3413,"date":"2026-03-26T19:33:07","date_gmt":"2026-03-26T19:33:07","guid":{"rendered":"https:\/\/vitalezza.co\/?post_type=product&#038;p=3413"},"modified":"2026-03-26T19:37:21","modified_gmt":"2026-03-26T19:37:21","slug":"promo-2x1-piernas-completas-depilacion-laser-trionda","status":"publish","type":"product","link":"https:\/\/vitalezza.co\/index.php\/producto\/promo-2x1-piernas-completas-depilacion-laser-trionda\/","title":{"rendered":"Promo 2&#215;1 Piernas Completas | Depilaci\u00f3n L\u00e1ser Trionda"},"content":{"rendered":"<p data-start=\"282\" data-end=\"373\">Disfruta nuestra promo especial <strong data-start=\"314\" data-end=\"371\">2&#215;1 en Piernas Completas con Depilaci\u00f3n L\u00e1ser Trionda<\/strong> \u2728<\/p>\n<p data-start=\"375\" data-end=\"501\">Elige c\u00f3mo quieres aprovecharla:<br data-start=\"407\" data-end=\"410\" \/>\ud83d\udc96 <strong data-start=\"413\" data-end=\"469\">1 sesi\u00f3n para ti + 1 sesi\u00f3n para tu persona favorita<\/strong><br data-start=\"469\" data-end=\"472\" \/>o si prefieres \ud83d\udc96 <strong data-start=\"479\" data-end=\"501\">2 sesiones para ti<\/strong><\/p>\n<p data-start=\"503\" data-end=\"648\">Con tecnolog\u00eda <strong data-start=\"518\" data-end=\"535\">L\u00e1ser Trionda<\/strong>, que combina <strong data-start=\"549\" data-end=\"592\">3 longitudes de onda en un solo disparo<\/strong>, logrando un tratamiento m\u00e1s efectivo, r\u00e1pido y c\u00f3modo.<\/p>\n","protected":false},"excerpt":{"rendered":"<p data-start=\"375\" data-end=\"501\">Elige c\u00f3mo quieres aprovecharla:<br data-start=\"407\" data-end=\"410\" \/>\ud83d\udc96 <strong data-start=\"413\" data-end=\"469\">1 sesi\u00f3n para ti + 1 sesi\u00f3n para tu persona favorita<\/strong><br data-start=\"469\" data-end=\"472\" \/>o si prefieres \ud83d\udc96 <strong data-start=\"479\" data-end=\"501\">2 sesiones para ti<\/strong><\/p>\n<p data-start=\"503\" data-end=\"648\">Con tecnolog\u00eda <strong data-start=\"518\" data-end=\"535\">L\u00e1ser Trionda<\/strong>, que combina <strong data-start=\"549\" data-end=\"592\">3 longitudes de onda en un solo disparo<\/strong>, logrando un tratamiento m\u00e1s efectivo, r\u00e1pido y c\u00f3modo.<\/p>\n","protected":false},"featured_media":3414,"template":"","meta":{"_et_pb_use_builder":"","_et_pb_old_content":"","_et_gb_content_width":"","om_disable_all_campaigns":false,"_monsterinsights_skip_tracking":false,"_monsterinsights_sitenote_active":false,"_monsterinsights_sitenote_note":"","_monsterinsights_sitenote_category":0,"spay_email":"","_joinchat":[]},"product_cat":[61],"product_tag":[],"aioseo_notices":[],"_links":{"self":[{"href":"https:\/\/vitalezza.co\/index.php\/wp-json\/wp\/v2\/product\/3413"}],"collection":[{"href":"https:\/\/vitalezza.co\/index.php\/wp-json\/wp\/v2\/product"}],"about":[{"href":"https:\/\/vitalezza.co\/index.php\/wp-json\/wp\/v2\/types\/product"}],"wp:featuredmedia":[{"embeddable":true,"href":"https:\/\/vitalezza.co\/index.php\/wp-json\/wp\/v2\/media\/3414"}],"wp:attachment":[{"href":"https:\/\/vitalezza.co\/index.php\/wp-json\/wp\/v2\/media?parent=3413"}],"wp:term":[{"taxonomy":"product_cat","embeddable":true,"href":"https:\/\/vitalezza.co\/index.php\/wp-json\/wp\/v2\/product_cat?post=3413"},{"taxonomy":"product_tag","embeddable":true,"href":"https:\/\/vitalezza.co\/index.php\/wp-json\/wp\/v2\/product_tag?post=3413"}],"curies":[{"name":"wp","href":"https:\/\/api.w.org\/{rel}","templated":true}]}}