{"id":3410,"date":"2026-03-07T19:23:55","date_gmt":"2026-03-07T19:23:55","guid":{"rendered":"https:\/\/vitalezza.co\/?post_type=product&#038;p=3410"},"modified":"2026-03-07T19:23:55","modified_gmt":"2026-03-07T19:23:55","slug":"depilacion-laser-trionda-bikini-total-axilas","status":"publish","type":"product","link":"https:\/\/vitalezza.co\/index.php\/producto\/depilacion-laser-trionda-bikini-total-axilas\/","title":{"rendered":"Depilaci\u00f3n L\u00e1ser Trionda: Bikini Total + Axilas"},"content":{"rendered":"<p>Disfruta de una piel suave y libre de vello con nuestra promoci\u00f3n de <strong data-start=\"271\" data-end=\"314\">depilaci\u00f3n l\u00e1ser con tecnolog\u00eda Trionda<\/strong>. Incluye <strong data-start=\"324\" data-end=\"377\" data-is-only-node=\"\">6 sesiones en bikini total y 3 sesiones en axilas<\/strong> para resultados progresivos y duraderos.<\/p>\n","protected":false},"excerpt":{"rendered":"<p>Disfruta de una piel suave y libre de vello con nuestra promoci\u00f3n de <strong data-start=\"271\" data-end=\"314\">depilaci\u00f3n l\u00e1ser con tecnolog\u00eda Trionda<\/strong>. Incluye <strong data-start=\"324\" data-end=\"377\" data-is-only-node=\"\">6 sesiones en bikini total y 3 sesiones en axilas<\/strong> para resultados progresivos y duraderos.<\/p>\n","protected":false},"featured_media":3411,"template":"","meta":{"_et_pb_use_builder":"","_et_pb_old_content":"","_et_gb_content_width":"","om_disable_all_campaigns":false,"_monsterinsights_skip_tracking":false,"_monsterinsights_sitenote_active":false,"_monsterinsights_sitenote_note":"","_monsterinsights_sitenote_category":0,"spay_email":"","_joinchat":[]},"product_cat":[61],"product_tag":[],"aioseo_notices":[],"_links":{"self":[{"href":"https:\/\/vitalezza.co\/index.php\/wp-json\/wp\/v2\/product\/3410"}],"collection":[{"href":"https:\/\/vitalezza.co\/index.php\/wp-json\/wp\/v2\/product"}],"about":[{"href":"https:\/\/vitalezza.co\/index.php\/wp-json\/wp\/v2\/types\/product"}],"wp:featuredmedia":[{"embeddable":true,"href":"https:\/\/vitalezza.co\/index.php\/wp-json\/wp\/v2\/media\/3411"}],"wp:attachment":[{"href":"https:\/\/vitalezza.co\/index.php\/wp-json\/wp\/v2\/media?parent=3410"}],"wp:term":[{"taxonomy":"product_cat","embeddable":true,"href":"https:\/\/vitalezza.co\/index.php\/wp-json\/wp\/v2\/product_cat?post=3410"},{"taxonomy":"product_tag","embeddable":true,"href":"https:\/\/vitalezza.co\/index.php\/wp-json\/wp\/v2\/product_tag?post=3410"}],"curies":[{"name":"wp","href":"https:\/\/api.w.org\/{rel}","templated":true}]}}