{"id":3215,"date":"2025-11-28T02:42:46","date_gmt":"2025-11-28T02:42:46","guid":{"rendered":"https:\/\/vitalezza.co\/?post_type=product&#038;p=3215"},"modified":"2026-02-18T15:41:27","modified_gmt":"2026-02-18T15:41:27","slug":"pack-glow","status":"publish","type":"product","link":"https:\/\/vitalezza.co\/index.php\/producto\/pack-glow\/","title":{"rendered":"Pack Glow Facial"},"content":{"rendered":"<h3 data-start=\"121\" data-end=\"165\"><strong data-start=\"125\" data-end=\"163\">1. Limpieza Facial Glow \u2013 1 sesi\u00f3n<\/strong><\/h3>\n<p data-start=\"166\" data-end=\"391\">Devuelve la frescura a tu piel con una limpieza profunda que elimina impurezas, exfolia, purifica con vapor de ozono y finaliza con una mascarilla personalizada. Tu rostro m\u00e1s limpio, suave y radiante desde la primera sesi\u00f3n.<\/p>\n<hr data-start=\"393\" data-end=\"396\" \/>\n<h3 data-start=\"398\" data-end=\"457\"><strong data-start=\"402\" data-end=\"455\">2. Peeling Facial Hollywood Peel L\u00e1ser \u2013 1 sesi\u00f3n<\/strong><\/h3>\n<p data-start=\"458\" data-end=\"656\">Renueva tu piel sin incapacidad. Este peeling l\u00e1ser mejora la textura, cierra poros y unifica el tono, ofreciendo un brillo inmediato y progresivo. Ideal para revitalizar tu piel en solo una sesi\u00f3n.<\/p>\n<hr data-start=\"658\" data-end=\"661\" \/>\n<h3 data-start=\"663\" data-end=\"715\"><strong data-start=\"667\" data-end=\"713\">3. Despigmentaci\u00f3n L\u00e1ser Facial \u2013 1 sesi\u00f3n<\/strong><\/h3>\n<p data-start=\"716\" data-end=\"907\">Reduce visiblemente manchas solares, pecas y melasma con un l\u00e1ser especializado que fragmenta la melanina sin da\u00f1ar la piel. Logra un tono m\u00e1s uniforme y luminoso desde la primera aplicaci\u00f3n.<\/p>\n<div class=\"host-bincmiainjofjnhchmcalkanjebghoen\" style=\"position: relative; z-index: 2147483647;\"><\/div>\n","protected":false},"excerpt":{"rendered":"<h3 data-start=\"121\" data-end=\"165\"><strong data-start=\"125\" data-end=\"163\">1. Limpieza Facial Glow \u2013 1 sesi\u00f3n<\/strong><\/h3>\n<p data-start=\"166\" data-end=\"391\">Devuelve la frescura a tu piel con una limpieza profunda que elimina impurezas, exfolia, purifica con vapor de ozono y finaliza con una mascarilla personalizada. Tu rostro m\u00e1s limpio, suave y radiante desde la primera sesi\u00f3n.<\/p>\n<hr data-start=\"393\" data-end=\"396\" \/>\n<h3 data-start=\"398\" data-end=\"457\"><strong data-start=\"402\" data-end=\"455\">2. Peeling Facial Hollywood Peel L\u00e1ser \u2013 1 sesi\u00f3n<\/strong><\/h3>\n<p data-start=\"458\" data-end=\"656\">Renueva tu piel sin incapacidad. Este peeling l\u00e1ser mejora la textura, cierra poros y unifica el tono, ofreciendo un brillo inmediato y progresivo. Ideal para revitalizar tu piel en solo una sesi\u00f3n.<\/p>\n<hr data-start=\"658\" data-end=\"661\" \/>\n<h3 data-start=\"663\" data-end=\"715\"><strong data-start=\"667\" data-end=\"713\">3. Despigmentaci\u00f3n L\u00e1ser Facial \u2013 1 sesi\u00f3n<\/strong><\/h3>\n<p data-start=\"716\" data-end=\"907\">Reduce visiblemente manchas solares, pecas y melasma con un l\u00e1ser especializado que fragmenta la melanina sin da\u00f1ar la piel. Logra un tono m\u00e1s uniforme y luminoso desde la primera aplicaci\u00f3n.<\/p>\n","protected":false},"featured_media":3216,"template":"","meta":{"_et_pb_use_builder":"","_et_pb_old_content":"","_et_gb_content_width":"","om_disable_all_campaigns":false,"_monsterinsights_skip_tracking":false,"_monsterinsights_sitenote_active":false,"_monsterinsights_sitenote_note":"","_monsterinsights_sitenote_category":0,"spay_email":"","_joinchat":[]},"product_cat":[78,61],"product_tag":[],"aioseo_notices":[],"_links":{"self":[{"href":"https:\/\/vitalezza.co\/index.php\/wp-json\/wp\/v2\/product\/3215"}],"collection":[{"href":"https:\/\/vitalezza.co\/index.php\/wp-json\/wp\/v2\/product"}],"about":[{"href":"https:\/\/vitalezza.co\/index.php\/wp-json\/wp\/v2\/types\/product"}],"wp:featuredmedia":[{"embeddable":true,"href":"https:\/\/vitalezza.co\/index.php\/wp-json\/wp\/v2\/media\/3216"}],"wp:attachment":[{"href":"https:\/\/vitalezza.co\/index.php\/wp-json\/wp\/v2\/media?parent=3215"}],"wp:term":[{"taxonomy":"product_cat","embeddable":true,"href":"https:\/\/vitalezza.co\/index.php\/wp-json\/wp\/v2\/product_cat?post=3215"},{"taxonomy":"product_tag","embeddable":true,"href":"https:\/\/vitalezza.co\/index.php\/wp-json\/wp\/v2\/product_tag?post=3215"}],"curies":[{"name":"wp","href":"https:\/\/api.w.org\/{rel}","templated":true}]}}