{"id":3164,"date":"2025-10-17T19:41:32","date_gmt":"2025-10-17T19:41:32","guid":{"rendered":"https:\/\/vitalezza.co\/?post_type=product&#038;p=3164"},"modified":"2026-02-18T15:47:46","modified_gmt":"2026-02-18T15:47:46","slug":"depilacion-despigmentacion-laser-de-bikini-brasileno","status":"publish","type":"product","link":"https:\/\/vitalezza.co\/index.php\/producto\/depilacion-despigmentacion-laser-de-bikini-brasileno\/","title":{"rendered":"Depilaci\u00f3n l\u00e1ser + despigmentaci\u00f3n l\u00e1ser de BIKINI BRASILE\u00d1O"},"content":{"rendered":"<p>V\u00e1lido para sesiones de depilaci\u00f3n l\u00e1ser tri-onda en bikini brasilero + despigmentaci\u00f3n con l\u00e1ser NDYAG<\/p>\n<p>*El plazo m\u00e1ximo para comenzar el tratamiento es de 3 meses a partir de la compra.<\/p>\n<div>\n<p>*Consultar el centro la disponibilidad de horas.<\/p>\n<\/div>\n<div class=\"host-bincmiainjofjnhchmcalkanjebghoen\" style=\"position: relative; z-index: 2147483647;\"><\/div>\n<div class=\"host-bincmiainjofjnhchmcalkanjebghoen\" style=\"position: relative; z-index: 2147483647;\"><\/div>\n<div class=\"host-bincmiainjofjnhchmcalkanjebghoen\" style=\"position: relative; z-index: 2147483647;\"><\/div>\n","protected":false},"excerpt":{"rendered":"<p>V\u00e1lido para sesiones de depilaci\u00f3n l\u00e1ser tri-onda + despigmentaci\u00f3n en bikini brasile\u00f1o<\/p>\n<p>*El plazo m\u00e1ximo para comenzar el tratamiento es de 3 meses a partir de la compra.<\/p>\n<div>\n<p>*Consultar el centro la disponibilidad de horas.<\/p>\n<\/div>\n<div class=\"host-bincmiainjofjnhchmcalkanjebghoen\" style=\"position: relative; z-index: 2147483647;\"><\/div>\n<div class=\"host-bincmiainjofjnhchmcalkanjebghoen\" style=\"position: relative; z-index: 2147483647;\"><\/div>\n<div class=\"host-bincmiainjofjnhchmcalkanjebghoen\" style=\"position: relative; z-index: 2147483647;\"><\/div>\n","protected":false},"featured_media":3170,"template":"","meta":{"_et_pb_use_builder":"","_et_pb_old_content":"","_et_gb_content_width":"","om_disable_all_campaigns":false,"_monsterinsights_skip_tracking":false,"_monsterinsights_sitenote_active":false,"_monsterinsights_sitenote_note":"","_monsterinsights_sitenote_category":0,"spay_email":"","_joinchat":[]},"product_cat":[61],"product_tag":[66],"aioseo_notices":[],"_links":{"self":[{"href":"https:\/\/vitalezza.co\/index.php\/wp-json\/wp\/v2\/product\/3164"}],"collection":[{"href":"https:\/\/vitalezza.co\/index.php\/wp-json\/wp\/v2\/product"}],"about":[{"href":"https:\/\/vitalezza.co\/index.php\/wp-json\/wp\/v2\/types\/product"}],"wp:featuredmedia":[{"embeddable":true,"href":"https:\/\/vitalezza.co\/index.php\/wp-json\/wp\/v2\/media\/3170"}],"wp:attachment":[{"href":"https:\/\/vitalezza.co\/index.php\/wp-json\/wp\/v2\/media?parent=3164"}],"wp:term":[{"taxonomy":"product_cat","embeddable":true,"href":"https:\/\/vitalezza.co\/index.php\/wp-json\/wp\/v2\/product_cat?post=3164"},{"taxonomy":"product_tag","embeddable":true,"href":"https:\/\/vitalezza.co\/index.php\/wp-json\/wp\/v2\/product_tag?post=3164"}],"curies":[{"name":"wp","href":"https:\/\/api.w.org\/{rel}","templated":true}]}}