{"id":3047,"date":"2025-10-13T17:38:54","date_gmt":"2025-10-13T17:38:54","guid":{"rendered":"https:\/\/vitalezza.co\/?post_type=product&#038;p=3047"},"modified":"2025-10-13T17:48:19","modified_gmt":"2025-10-13T17:48:19","slug":"acido-hialuronico-hidratacion-de-labios","status":"publish","type":"product","link":"https:\/\/vitalezza.co\/index.php\/producto\/acido-hialuronico-hidratacion-de-labios\/","title":{"rendered":"\u00c1cido Hialur\u00f3nico Hidrataci\u00f3n de l\u00e1bios"},"content":{"rendered":"<p>Valido por 1 sesi\u00f3n de \u00c1cido Hialur\u00f3nico hidrataci\u00f3n en l\u00e1bios. Solo 5% de volumen<\/p>\n","protected":false},"excerpt":{"rendered":"<p>Valido por 1 sesi\u00f3n de \u00c1cido Hialur\u00f3nico hidrataci\u00f3n en l\u00e1bios. Solo 5% de volumen<\/p>\n","protected":false},"featured_media":3049,"template":"","meta":{"_et_pb_use_builder":"","_et_pb_old_content":"","_et_gb_content_width":"","om_disable_all_campaigns":false,"_monsterinsights_skip_tracking":false,"_monsterinsights_sitenote_active":false,"_monsterinsights_sitenote_note":"","_monsterinsights_sitenote_category":0,"spay_email":"","_joinchat":[]},"product_cat":[78],"product_tag":[],"aioseo_notices":[],"_links":{"self":[{"href":"https:\/\/vitalezza.co\/index.php\/wp-json\/wp\/v2\/product\/3047"}],"collection":[{"href":"https:\/\/vitalezza.co\/index.php\/wp-json\/wp\/v2\/product"}],"about":[{"href":"https:\/\/vitalezza.co\/index.php\/wp-json\/wp\/v2\/types\/product"}],"wp:featuredmedia":[{"embeddable":true,"href":"https:\/\/vitalezza.co\/index.php\/wp-json\/wp\/v2\/media\/3049"}],"wp:attachment":[{"href":"https:\/\/vitalezza.co\/index.php\/wp-json\/wp\/v2\/media?parent=3047"}],"wp:term":[{"taxonomy":"product_cat","embeddable":true,"href":"https:\/\/vitalezza.co\/index.php\/wp-json\/wp\/v2\/product_cat?post=3047"},{"taxonomy":"product_tag","embeddable":true,"href":"https:\/\/vitalezza.co\/index.php\/wp-json\/wp\/v2\/product_tag?post=3047"}],"curies":[{"name":"wp","href":"https:\/\/api.w.org\/{rel}","templated":true}]}}