{"id":2805,"date":"2024-03-13T16:15:15","date_gmt":"2024-03-13T16:15:15","guid":{"rendered":"https:\/\/vitalezza.co\/?post_type=product&#038;p=2805"},"modified":"2025-09-09T19:58:23","modified_gmt":"2025-09-09T19:58:23","slug":"peeling-axilas","status":"publish","type":"product","link":"https:\/\/vitalezza.co\/index.php\/producto\/peeling-axilas\/","title":{"rendered":"Despigmantaci\u00f3n de Axilas con peeling"},"content":{"rendered":"<p>[et_pb_section fb_built=\u00bb1&#8243; _builder_version=\u00bb3.22&#8243; custom_padding=\u00bb0px||||false|false\u00bb][et_pb_row _builder_version=\u00bb3.25&#8243; background_size=\u00bbinitial\u00bb background_position=\u00bbtop_left\u00bb background_repeat=\u00bbrepeat\u00bb width=\u00bb100%\u00bb custom_padding=\u00bb0px||0px||false|false\u00bb][et_pb_column type=\u00bb4_4&#8243; _builder_version=\u00bb3.25&#8243; custom_padding=\u00bb|||\u00bb custom_padding__hover=\u00bb|||\u00bb][et_pb_wc_breadcrumb _builder_version=\u00bb3.0.47&#8243;][\/et_pb_wc_breadcrumb][et_pb_wc_cart_notice _builder_version=\u00bb3.0.47&#8243;][\/et_pb_wc_cart_notice][\/et_pb_column][\/et_pb_row][et_pb_row column_structure=\u00bb1_2,1_2&#8243; _builder_version=\u00bb3.25&#8243; background_size=\u00bbinitial\u00bb background_position=\u00bbtop_left\u00bb background_repeat=\u00bbrepeat\u00bb width=\u00bb100%\u00bb custom_padding=\u00bb0px||||false|false\u00bb][et_pb_column type=\u00bb1_2&#8243; _builder_version=\u00bb3.25&#8243; custom_padding=\u00bb|||\u00bb custom_padding__hover=\u00bb|||\u00bb][et_pb_wc_images _builder_version=\u00bb3.0.47&#8243;][\/et_pb_wc_images][\/et_pb_column][et_pb_column type=\u00bb1_2&#8243; _builder_version=\u00bb3.25&#8243; custom_padding=\u00bb|||\u00bb custom_padding__hover=\u00bb|||\u00bb][et_pb_wc_title _builder_version=\u00bb3.0.47&#8243;][\/et_pb_wc_title][et_pb_wc_rating _builder_version=\u00bb3.0.47&#8243;][\/et_pb_wc_rating][et_pb_wc_price _builder_version=\u00bb3.0.47&#8243;][\/et_pb_wc_price][et_pb_wc_description _builder_version=\u00bb3.0.47&#8243;][\/et_pb_wc_description][et_pb_wc_add_to_cart _builder_version=\u00bb3.0.47&#8243;][\/et_pb_wc_add_to_cart][et_pb_wc_meta _builder_version=\u00bb3.0.47&#8243;][\/et_pb_wc_meta][\/et_pb_column][\/et_pb_row][et_pb_row _builder_version=\u00bb3.25&#8243; background_size=\u00bbinitial\u00bb background_position=\u00bbtop_left\u00bb background_repeat=\u00bbrepeat\u00bb width=\u00bb100%\u00bb collapsed=\u00bbon\u00bb][et_pb_column type=\u00bb4_4&#8243; _builder_version=\u00bb3.25&#8243; custom_padding=\u00bb|||\u00bb custom_padding__hover=\u00bb|||\u00bb][et_pb_wc_tabs _builder_version=\u00bb3.0.47&#8243;]\t\t\t\t\t[\/et_pb_wc_tabs][et_pb_wc_upsells _builder_version=\u00bb3.0.47&#8243;][\/et_pb_wc_upsells][et_pb_wc_related_products _builder_version=\u00bb3.0.47&#8243;][\/et_pb_wc_related_products][\/et_pb_column][\/et_pb_row][\/et_pb_section]<\/p>\n","protected":false},"excerpt":{"rendered":"<div class=\"wDYxhc\" lang=\"es-419\" data-md=\"61\">\n<div class=\"LGOjhe\" role=\"heading\" data-attrid=\"wa:\/description\" aria-level=\"3\" data-hveid=\"CBgQAA\">\n<div class=\"LGOjhe\" role=\"heading\" data-attrid=\"wa:\/description\" data-hveid=\"CBgQAA\"><span class=\"ILfuVd\" lang=\"es\"><span class=\"hgKElc\">Este producto es valido para 1 sesi\u00f3n de peeling en axilas.<\/span><\/span><\/div>\n<\/div>\n<\/div>\n","protected":false},"featured_media":2806,"template":"","meta":{"_et_pb_use_builder":"on","_et_pb_old_content":"<div class=\"wDYxhc\" lang=\"es-419\" data-md=\"61\">\r\n<div class=\"LGOjhe\" role=\"heading\" data-attrid=\"wa:\/description\" data-hveid=\"CBgQAA\"><span class=\"ILfuVd\" lang=\"es\"><span class=\"hgKElc\">Este producto es valido para 1 sesi\u00f3n de peeling en axilas.<\/span><\/span><\/div>\r\n<div class=\"LGOjhe\" role=\"heading\" data-attrid=\"wa:\/description\" data-hveid=\"CBgQAA\"><span class=\"ILfuVd\" lang=\"es\"><span class=\"ILfuVd\" lang=\"es\"><span class=\"hgKElc\">\r\n<\/span><\/span><\/span>\r\n<div class=\"flex-1 overflow-hidden\">\r\n<div class=\"react-scroll-to-bottom--css-yumgh-79elbk h-full\">\r\n<div class=\"react-scroll-to-bottom--css-yumgh-1n7m0yu\">\r\n<div class=\"flex flex-col text-sm pb-9\">\r\n<div class=\"w-full text-token-text-primary\" data-testid=\"conversation-turn-3\">\r\n<div class=\"px-4 py-2 justify-center text-base md:gap-6 m-auto\">\r\n<div class=\"flex flex-1 text-base mx-auto gap-3 md:px-5 lg:px-1 xl:px-5 md:max-w-3xl lg:max-w-[40rem] xl:max-w-[48rem] group final-completion\">\r\n<div class=\"relative flex w-full flex-col agent-turn\">\r\n<div class=\"flex-col gap-1 md:gap-3\">\r\n<div class=\"flex flex-grow flex-col max-w-full\">\r\n<div class=\"min-h-[20px] text-message flex flex-col items-start gap-3 whitespace-pre-wrap break-words [.text-message+&amp;]:mt-5 overflow-x-auto\" data-message-author-role=\"assistant\" data-message-id=\"e6dae660-fb3e-4d50-8590-66b30b0bd7f0\">\r\n<div class=\"markdown prose w-full break-words dark:prose-invert light\">\r\n\r\nEl tratamiento de Peeling de Axilas consiste en una intervenci\u00f3n qu\u00edmica destinada a reducir o eliminar la pigmentaci\u00f3n que se desarrolla con el tiempo o debido al uso de desodorantes y otros productos t\u00f3picos, tanto en axilas femeninas como masculinas. Este procedimiento implica el uso de diversos productos y \u00e1cidos, como el c\u00edtrico, glic\u00f3lico y tricloroac\u00e9tico, los cuales ayudan a la zona tratada a perder su coloraci\u00f3n m\u00e1s oscura y a alcanzar un tono uniforme similar al del resto de la piel.\r\n\r\n<\/div>\r\n<\/div>\r\n<\/div>\r\n<\/div>\r\n<\/div>\r\n<\/div>\r\n<\/div>\r\n<\/div>\r\n<\/div>\r\n<\/div>\r\n<\/div>\r\n<\/div>\r\n<span class=\"ILfuVd\" lang=\"es\"><span class=\"hgKElc\">\u00a0<\/span><\/span>\r\n\r\n<\/div>\r\n<\/div>","_et_gb_content_width":"","om_disable_all_campaigns":false,"_monsterinsights_skip_tracking":false,"_monsterinsights_sitenote_active":false,"_monsterinsights_sitenote_note":"","_monsterinsights_sitenote_category":0,"spay_email":"","_joinchat":[]},"product_cat":[79],"product_tag":[],"aioseo_notices":[],"_links":{"self":[{"href":"https:\/\/vitalezza.co\/index.php\/wp-json\/wp\/v2\/product\/2805"}],"collection":[{"href":"https:\/\/vitalezza.co\/index.php\/wp-json\/wp\/v2\/product"}],"about":[{"href":"https:\/\/vitalezza.co\/index.php\/wp-json\/wp\/v2\/types\/product"}],"wp:featuredmedia":[{"embeddable":true,"href":"https:\/\/vitalezza.co\/index.php\/wp-json\/wp\/v2\/media\/2806"}],"wp:attachment":[{"href":"https:\/\/vitalezza.co\/index.php\/wp-json\/wp\/v2\/media?parent=2805"}],"wp:term":[{"taxonomy":"product_cat","embeddable":true,"href":"https:\/\/vitalezza.co\/index.php\/wp-json\/wp\/v2\/product_cat?post=2805"},{"taxonomy":"product_tag","embeddable":true,"href":"https:\/\/vitalezza.co\/index.php\/wp-json\/wp\/v2\/product_tag?post=2805"}],"curies":[{"name":"wp","href":"https:\/\/api.w.org\/{rel}","templated":true}]}}