{"id":2778,"date":"2024-03-06T15:34:44","date_gmt":"2024-03-06T15:34:44","guid":{"rendered":"https:\/\/vitalezza.co\/?post_type=product&#038;p=2778"},"modified":"2025-10-13T03:12:06","modified_gmt":"2025-10-13T03:12:06","slug":"peeling-intimo","status":"publish","type":"product","link":"https:\/\/vitalezza.co\/index.php\/producto\/peeling-intimo\/","title":{"rendered":"Despigmentaci\u00f3n \u00edntima con l\u00e1ser + dermapeeling"},"content":{"rendered":"<p>[et_pb_section fb_built=\u00bb1&#8243; _builder_version=\u00bb3.22&#8243; custom_padding=\u00bb0px||||false|false\u00bb][et_pb_row _builder_version=\u00bb3.25&#8243; background_size=\u00bbinitial\u00bb background_position=\u00bbtop_left\u00bb background_repeat=\u00bbrepeat\u00bb width=\u00bb100%\u00bb custom_padding=\u00bb0px||0px||false|false\u00bb][et_pb_column type=\u00bb4_4&#8243; _builder_version=\u00bb3.25&#8243; custom_padding=\u00bb|||\u00bb custom_padding__hover=\u00bb|||\u00bb][et_pb_wc_breadcrumb _builder_version=\u00bb3.0.47&#8243;][\/et_pb_wc_breadcrumb][et_pb_wc_cart_notice _builder_version=\u00bb3.0.47&#8243;][\/et_pb_wc_cart_notice][\/et_pb_column][\/et_pb_row][et_pb_row column_structure=\u00bb1_2,1_2&#8243; _builder_version=\u00bb3.25&#8243; background_size=\u00bbinitial\u00bb background_position=\u00bbtop_left\u00bb background_repeat=\u00bbrepeat\u00bb width=\u00bb100%\u00bb custom_padding=\u00bb0px||||false|false\u00bb][et_pb_column type=\u00bb1_2&#8243; _builder_version=\u00bb3.25&#8243; custom_padding=\u00bb|||\u00bb custom_padding__hover=\u00bb|||\u00bb][et_pb_wc_images _builder_version=\u00bb3.0.47&#8243;][\/et_pb_wc_images][\/et_pb_column][et_pb_column type=\u00bb1_2&#8243; _builder_version=\u00bb3.25&#8243; custom_padding=\u00bb|||\u00bb custom_padding__hover=\u00bb|||\u00bb][et_pb_wc_title _builder_version=\u00bb3.0.47&#8243;][\/et_pb_wc_title][et_pb_wc_rating _builder_version=\u00bb3.0.47&#8243;][\/et_pb_wc_rating][et_pb_wc_price _builder_version=\u00bb3.0.47&#8243;][\/et_pb_wc_price][et_pb_wc_description _builder_version=\u00bb3.0.47&#8243;][\/et_pb_wc_description][et_pb_wc_add_to_cart _builder_version=\u00bb3.0.47&#8243;][\/et_pb_wc_add_to_cart][et_pb_wc_meta _builder_version=\u00bb3.0.47&#8243;][\/et_pb_wc_meta][\/et_pb_column][\/et_pb_row][et_pb_row _builder_version=\u00bb4.9.7&#8243; _module_preset=\u00bbdefault\u00bb width=\u00bb40%\u00bb width_tablet=\u00bb60%\u00bb width_phone=\u00bb70%\u00bb width_last_edited=\u00bbon|tablet\u00bb][et_pb_column type=\u00bb4_4&#8243; _builder_version=\u00bb4.9.7&#8243; _module_preset=\u00bbdefault\u00bb][et_pb_video src=\u00bbhttps:\/\/vitalezza.co\/wp-content\/uploads\/2024\/03\/WhatsApp-Video-2024-03-12-at-10.58.39-AM-3.mp4&#8243; _builder_version=\u00bb4.9.7&#8243; _module_preset=\u00bbdefault\u00bb][\/et_pb_video][\/et_pb_column][\/et_pb_row][et_pb_row _builder_version=\u00bb3.25&#8243; background_size=\u00bbinitial\u00bb background_position=\u00bbtop_left\u00bb background_repeat=\u00bbrepeat\u00bb width=\u00bb100%\u00bb collapsed=\u00bbon\u00bb][et_pb_column type=\u00bb4_4&#8243; _builder_version=\u00bb3.25&#8243; custom_padding=\u00bb|||\u00bb custom_padding__hover=\u00bb|||\u00bb][et_pb_wc_tabs _builder_version=\u00bb3.0.47&#8243;]\t\t\t\t\t[\/et_pb_wc_tabs][et_pb_wc_upsells _builder_version=\u00bb3.0.47&#8243;][\/et_pb_wc_upsells][et_pb_wc_related_products _builder_version=\u00bb3.0.47&#8243;][\/et_pb_wc_related_products][\/et_pb_column][\/et_pb_row][\/et_pb_section]<\/p>\n","protected":false},"excerpt":{"rendered":"<div class=\"wDYxhc\" lang=\"es-419\" data-md=\"61\">\n<div class=\"LGOjhe\" role=\"heading\" data-attrid=\"wa:\/description\" aria-level=\"3\" data-hveid=\"CBgQAA\"><span class=\"ILfuVd\" lang=\"es\"><span class=\"hgKElc\">El peeling \u00edntimo\u00a0<b>es un tratamiento m\u00e9dico est\u00e9tico cuyo prop\u00f3sito es aclarar la parte de la piel de la zona \u00edntima<\/b>. Para ello se utilizan diferentes productos, \u00e1cidos y qu\u00edmicos, que ayudan a que la zona tratada pierda el color oscuro y adquiera un tono m\u00e1s semejante al tono natural de la piel .<\/span><\/span><\/div>\n<\/div>\n","protected":false},"featured_media":2779,"template":"","meta":{"_et_pb_use_builder":"on","_et_pb_old_content":"<div class=\"wDYxhc\" lang=\"es-419\" data-md=\"61\">\r\n<div class=\"LGOjhe\" role=\"heading\" data-attrid=\"wa:\/description\" data-hveid=\"CBgQAA\"><span class=\"ILfuVd\" lang=\"es\"><span class=\"hgKElc\">Este producto es valido para 1 sesi\u00f3n de peeling \u00edntimo.<\/span><\/span><\/div>\r\n<div class=\"LGOjhe\" role=\"heading\" data-attrid=\"wa:\/description\" data-hveid=\"CBgQAA\"><span class=\"ILfuVd\" lang=\"es\"><span class=\"hgKElc\">\r\nEl peeling \u00edntimo\u00a0<b>es un tratamiento m\u00e9dico est\u00e9tico cuyo prop\u00f3sito es aclarar la parte de la piel de la zona \u00edntima<\/b>. Para ello se utilizan diferentes productos, \u00e1cidos y qu\u00edmicos, que ayudan a que la zona tratada pierda el color oscuro y adquiera un tono m\u00e1s semejante al tono natural de la piel .<\/span><\/span><\/div>\r\n<\/div>\r\n<div class=\"g\">\r\n<div lang=\"es\" data-hveid=\"CBIQAA\" data-ved=\"2ahUKEwilmJy5-t-EAxWcRTABHWlQD-EQFSgAegQIEhAA\">\r\n<div class=\"tF2Cxc\">\r\n<div class=\"yuRUbf\"><\/div>\r\n<\/div>\r\n<\/div>\r\n<\/div>","_et_gb_content_width":"","om_disable_all_campaigns":false,"_monsterinsights_skip_tracking":false,"_monsterinsights_sitenote_active":false,"_monsterinsights_sitenote_note":"","_monsterinsights_sitenote_category":0,"spay_email":"","_joinchat":[]},"product_cat":[79],"product_tag":[],"aioseo_notices":[],"_links":{"self":[{"href":"https:\/\/vitalezza.co\/index.php\/wp-json\/wp\/v2\/product\/2778"}],"collection":[{"href":"https:\/\/vitalezza.co\/index.php\/wp-json\/wp\/v2\/product"}],"about":[{"href":"https:\/\/vitalezza.co\/index.php\/wp-json\/wp\/v2\/types\/product"}],"wp:featuredmedia":[{"embeddable":true,"href":"https:\/\/vitalezza.co\/index.php\/wp-json\/wp\/v2\/media\/2779"}],"wp:attachment":[{"href":"https:\/\/vitalezza.co\/index.php\/wp-json\/wp\/v2\/media?parent=2778"}],"wp:term":[{"taxonomy":"product_cat","embeddable":true,"href":"https:\/\/vitalezza.co\/index.php\/wp-json\/wp\/v2\/product_cat?post=2778"},{"taxonomy":"product_tag","embeddable":true,"href":"https:\/\/vitalezza.co\/index.php\/wp-json\/wp\/v2\/product_tag?post=2778"}],"curies":[{"name":"wp","href":"https:\/\/api.w.org\/{rel}","templated":true}]}}