{"id":2456,"date":"2024-02-20T00:06:46","date_gmt":"2024-02-20T00:06:46","guid":{"rendered":"https:\/\/vitalezza.co\/?post_type=product&#038;p=2456"},"modified":"2026-04-29T16:34:28","modified_gmt":"2026-04-29T16:34:28","slug":"botox-periocular","status":"publish","type":"product","link":"https:\/\/vitalezza.co\/index.php\/producto\/botox-periocular\/","title":{"rendered":"2&#215;1 en Botox para tratamiento de l\u00edneas de expresi\u00f3n periocular"},"content":{"rendered":"<p>2&#215;1 en una aplicaci\u00f3n de botox o toxina botulinica en el area periocular para mejorar las lineas de expresion alrededor de los ojos tambien llamadas \u00abpatas de gallina\u00bb.<\/p>\n","protected":false},"excerpt":{"rendered":"<p>2&#215;1 en una aplicaci\u00f3n de botox o toxina botulinica en el area periocular para mejorar las lineas de expresion alrededor de los ojos tambien llamadas \u00abpatas de gallina\u00bb.<\/p>\n","protected":false},"featured_media":3105,"template":"","meta":{"_et_pb_use_builder":"","_et_pb_old_content":"","_et_gb_content_width":"","om_disable_all_campaigns":false,"_monsterinsights_skip_tracking":false,"_monsterinsights_sitenote_active":false,"_monsterinsights_sitenote_note":"","_monsterinsights_sitenote_category":0,"spay_email":"","_joinchat":[]},"product_cat":[78,61],"product_tag":[],"aioseo_notices":[],"_links":{"self":[{"href":"https:\/\/vitalezza.co\/index.php\/wp-json\/wp\/v2\/product\/2456"}],"collection":[{"href":"https:\/\/vitalezza.co\/index.php\/wp-json\/wp\/v2\/product"}],"about":[{"href":"https:\/\/vitalezza.co\/index.php\/wp-json\/wp\/v2\/types\/product"}],"wp:featuredmedia":[{"embeddable":true,"href":"https:\/\/vitalezza.co\/index.php\/wp-json\/wp\/v2\/media\/3105"}],"wp:attachment":[{"href":"https:\/\/vitalezza.co\/index.php\/wp-json\/wp\/v2\/media?parent=2456"}],"wp:term":[{"taxonomy":"product_cat","embeddable":true,"href":"https:\/\/vitalezza.co\/index.php\/wp-json\/wp\/v2\/product_cat?post=2456"},{"taxonomy":"product_tag","embeddable":true,"href":"https:\/\/vitalezza.co\/index.php\/wp-json\/wp\/v2\/product_tag?post=2456"}],"curies":[{"name":"wp","href":"https:\/\/api.w.org\/{rel}","templated":true}]}}