{"id":2047,"date":"2023-09-29T01:22:43","date_gmt":"2023-09-29T01:22:43","guid":{"rendered":"https:\/\/vitalezza.co\/?post_type=product&#038;p=2047"},"modified":"2025-10-09T19:24:24","modified_gmt":"2025-10-09T19:24:24","slug":"nanopore-3","status":"publish","type":"product","link":"https:\/\/vitalezza.co\/index.php\/producto\/nanopore-3\/","title":{"rendered":"Tratamiento de crecimiento capilar con Nanopore y exosomas"},"content":{"rendered":"<p>Puedes adquirir una sesi\u00f3n o paquetes de tres, seis o 10 sesiones<\/p>\n","protected":false},"excerpt":{"rendered":"<p>El Nanopore Capilar\u00a0<b>estimula la producci\u00f3n de col\u00e1geno y elastina para la regeneraci\u00f3n de nuevo cabello<\/b>, aumentando la densidad capilar en hombres y mujeres de cualquier edad. El tratamiento consiste en la introducci\u00f3n de ingredientes activos en el fol\u00edculo piloso para un adecuado cremiento.<\/p>\n","protected":false},"featured_media":2959,"template":"","meta":{"_et_pb_use_builder":"","_et_pb_old_content":"","_et_gb_content_width":"","om_disable_all_campaigns":false,"_monsterinsights_skip_tracking":false,"_monsterinsights_sitenote_active":false,"_monsterinsights_sitenote_note":"","_monsterinsights_sitenote_category":0,"spay_email":"","_joinchat":[]},"product_cat":[77],"product_tag":[],"aioseo_notices":[],"_links":{"self":[{"href":"https:\/\/vitalezza.co\/index.php\/wp-json\/wp\/v2\/product\/2047"}],"collection":[{"href":"https:\/\/vitalezza.co\/index.php\/wp-json\/wp\/v2\/product"}],"about":[{"href":"https:\/\/vitalezza.co\/index.php\/wp-json\/wp\/v2\/types\/product"}],"wp:featuredmedia":[{"embeddable":true,"href":"https:\/\/vitalezza.co\/index.php\/wp-json\/wp\/v2\/media\/2959"}],"wp:attachment":[{"href":"https:\/\/vitalezza.co\/index.php\/wp-json\/wp\/v2\/media?parent=2047"}],"wp:term":[{"taxonomy":"product_cat","embeddable":true,"href":"https:\/\/vitalezza.co\/index.php\/wp-json\/wp\/v2\/product_cat?post=2047"},{"taxonomy":"product_tag","embeddable":true,"href":"https:\/\/vitalezza.co\/index.php\/wp-json\/wp\/v2\/product_tag?post=2047"}],"curies":[{"name":"wp","href":"https:\/\/api.w.org\/{rel}","templated":true}]}}