{"id":2046,"date":"2023-09-29T01:22:01","date_gmt":"2023-09-29T01:22:01","guid":{"rendered":"https:\/\/vitalezza.co\/?post_type=product&#038;p=2046"},"modified":"2025-10-09T19:12:49","modified_gmt":"2025-10-09T19:12:49","slug":"plasma-rico-en-plaquetas-2","status":"publish","type":"product","link":"https:\/\/vitalezza.co\/index.php\/producto\/plasma-rico-en-plaquetas-2\/","title":{"rendered":"Plasma rico en plaquetas capilar"},"content":{"rendered":"<p>Puedes realizar una sesion de Plasma rico en plaquetas o adquirir el paquete de 6 o 10 sesiones<\/p>\n","protected":false},"excerpt":{"rendered":"<p>Es un procedimiento de medicina est\u00e9tica que implica la extracci\u00f3n de sangre del paciente, el procesamiento de esa sangre para concentrar las plaquetas y luego la inyecci\u00f3n de este plasma en el cuero cabelludo. Este tratamiento se utiliza con el prop\u00f3sito de estimular el crecimiento del cabello y mejorar la salud del cuero cabelludo.<\/p>\n<p>El proceso suele seguir estos pasos:<\/p>\n<ol>\n<li><strong>Extracci\u00f3n de sangre:<\/strong> Se extrae una peque\u00f1a cantidad de sangre del paciente, similar a cuando se realiza un an\u00e1lisis de laboratorio.<\/li>\n<li><strong>Centrifugaci\u00f3n:<\/strong> La sangre extra\u00edda se coloca en una centr\u00edfuga, una m\u00e1quina que gira a alta velocidad y separa los componentes sangu\u00edneos. Esto resulta en una concentraci\u00f3n de plasma rico en plaquetas.<\/li>\n<li><strong>Inyecci\u00f3n:<\/strong> El plasma rico en plaquetas obtenido se inyecta nuevamente en el cuero cabelludo en \u00e1reas espec\u00edficas donde se busca mejorar el crecimiento capilar.<\/li>\n<\/ol>\n","protected":false},"featured_media":2547,"template":"","meta":{"_et_pb_use_builder":"","_et_pb_old_content":"","_et_gb_content_width":"","om_disable_all_campaigns":false,"_monsterinsights_skip_tracking":false,"_monsterinsights_sitenote_active":false,"_monsterinsights_sitenote_note":"","_monsterinsights_sitenote_category":0,"spay_email":"","_joinchat":[]},"product_cat":[77],"product_tag":[],"aioseo_notices":[],"_links":{"self":[{"href":"https:\/\/vitalezza.co\/index.php\/wp-json\/wp\/v2\/product\/2046"}],"collection":[{"href":"https:\/\/vitalezza.co\/index.php\/wp-json\/wp\/v2\/product"}],"about":[{"href":"https:\/\/vitalezza.co\/index.php\/wp-json\/wp\/v2\/types\/product"}],"wp:featuredmedia":[{"embeddable":true,"href":"https:\/\/vitalezza.co\/index.php\/wp-json\/wp\/v2\/media\/2547"}],"wp:attachment":[{"href":"https:\/\/vitalezza.co\/index.php\/wp-json\/wp\/v2\/media?parent=2046"}],"wp:term":[{"taxonomy":"product_cat","embeddable":true,"href":"https:\/\/vitalezza.co\/index.php\/wp-json\/wp\/v2\/product_cat?post=2046"},{"taxonomy":"product_tag","embeddable":true,"href":"https:\/\/vitalezza.co\/index.php\/wp-json\/wp\/v2\/product_tag?post=2046"}],"curies":[{"name":"wp","href":"https:\/\/api.w.org\/{rel}","templated":true}]}}