{"id":2043,"date":"2023-09-29T01:15:38","date_gmt":"2023-09-29T01:15:38","guid":{"rendered":"https:\/\/vitalezza.co\/?post_type=product&#038;p=2043"},"modified":"2025-10-10T00:54:41","modified_gmt":"2025-10-10T00:54:41","slug":"cosmelan-corporal","status":"publish","type":"product","link":"https:\/\/vitalezza.co\/index.php\/producto\/cosmelan-corporal\/","title":{"rendered":"Tratamiento despigmentante Cosmelan corporal"},"content":{"rendered":"<p>Valido por 1 sesi\u00f3n de Cosmelan corporal y un retoque<\/p>\n","protected":false},"excerpt":{"rendered":"<p>Cosmelan se destaca como un tratamiento profesional de despigmentaci\u00f3n reconocido a nivel global, especialmente dise\u00f1ado para abordar manchas cut\u00e1neas severas y persistentes. Su versatilidad permite ajustarse a distintas profundidades seg\u00fan las necesidades individuales, empleando soluciones qu\u00edmicas espec\u00edficas. Este enfoque no solo busca atenuar melasmas o manchas, sino tambi\u00e9n contribuir al rejuvenecimiento integral de la piel.<\/p>\n","protected":false},"featured_media":3014,"template":"","meta":{"_et_pb_use_builder":"","_et_pb_old_content":"","_et_gb_content_width":"","om_disable_all_campaigns":false,"_monsterinsights_skip_tracking":false,"_monsterinsights_sitenote_active":false,"_monsterinsights_sitenote_note":"","_monsterinsights_sitenote_category":0,"spay_email":"","_joinchat":[]},"product_cat":[79],"product_tag":[],"aioseo_notices":[],"_links":{"self":[{"href":"https:\/\/vitalezza.co\/index.php\/wp-json\/wp\/v2\/product\/2043"}],"collection":[{"href":"https:\/\/vitalezza.co\/index.php\/wp-json\/wp\/v2\/product"}],"about":[{"href":"https:\/\/vitalezza.co\/index.php\/wp-json\/wp\/v2\/types\/product"}],"wp:featuredmedia":[{"embeddable":true,"href":"https:\/\/vitalezza.co\/index.php\/wp-json\/wp\/v2\/media\/3014"}],"wp:attachment":[{"href":"https:\/\/vitalezza.co\/index.php\/wp-json\/wp\/v2\/media?parent=2043"}],"wp:term":[{"taxonomy":"product_cat","embeddable":true,"href":"https:\/\/vitalezza.co\/index.php\/wp-json\/wp\/v2\/product_cat?post=2043"},{"taxonomy":"product_tag","embeddable":true,"href":"https:\/\/vitalezza.co\/index.php\/wp-json\/wp\/v2\/product_tag?post=2043"}],"curies":[{"name":"wp","href":"https:\/\/api.w.org\/{rel}","templated":true}]}}