{"id":2037,"date":"2023-09-29T01:10:37","date_gmt":"2023-09-29T01:10:37","guid":{"rendered":"https:\/\/vitalezza.co\/?post_type=product&#038;p=2037"},"modified":"2025-10-10T00:42:59","modified_gmt":"2025-10-10T00:42:59","slug":"eliminacion-de-pecas-manos","status":"publish","type":"product","link":"https:\/\/vitalezza.co\/index.php\/producto\/eliminacion-de-pecas-manos\/","title":{"rendered":"Eliminaci\u00f3n de Pecas y manchas en manos con l\u00e1ser"},"content":{"rendered":"<p>Valido por 1 sesi\u00f3n de Eliminaci\u00f3n de Pecas manos con l\u00e1ser de picosegundos despigmentante. Tambi\u00e9n puedes adquirir paquete x 3 sesiones<\/p>\n","protected":false},"excerpt":{"rendered":"<p>Valido por 1 sesi\u00f3n de Eliminaci\u00f3n de Pecas manos con l\u00e1ser de picosegundos despigmentante. Tambi\u00e9n puedes adquirir paquete x 3 sesiones<\/p>\n","protected":false},"featured_media":3009,"template":"","meta":{"_et_pb_use_builder":"","_et_pb_old_content":"","_et_gb_content_width":"","om_disable_all_campaigns":false,"_monsterinsights_skip_tracking":false,"_monsterinsights_sitenote_active":false,"_monsterinsights_sitenote_note":"","_monsterinsights_sitenote_category":0,"spay_email":"","_joinchat":[]},"product_cat":[79],"product_tag":[],"aioseo_notices":[],"_links":{"self":[{"href":"https:\/\/vitalezza.co\/index.php\/wp-json\/wp\/v2\/product\/2037"}],"collection":[{"href":"https:\/\/vitalezza.co\/index.php\/wp-json\/wp\/v2\/product"}],"about":[{"href":"https:\/\/vitalezza.co\/index.php\/wp-json\/wp\/v2\/types\/product"}],"wp:featuredmedia":[{"embeddable":true,"href":"https:\/\/vitalezza.co\/index.php\/wp-json\/wp\/v2\/media\/3009"}],"wp:attachment":[{"href":"https:\/\/vitalezza.co\/index.php\/wp-json\/wp\/v2\/media?parent=2037"}],"wp:term":[{"taxonomy":"product_cat","embeddable":true,"href":"https:\/\/vitalezza.co\/index.php\/wp-json\/wp\/v2\/product_cat?post=2037"},{"taxonomy":"product_tag","embeddable":true,"href":"https:\/\/vitalezza.co\/index.php\/wp-json\/wp\/v2\/product_tag?post=2037"}],"curies":[{"name":"wp","href":"https:\/\/api.w.org\/{rel}","templated":true}]}}