{"id":2027,"date":"2023-09-29T01:01:20","date_gmt":"2023-09-29T01:01:20","guid":{"rendered":"https:\/\/vitalezza.co\/?post_type=product&#038;p=2027"},"modified":"2025-10-09T22:50:45","modified_gmt":"2025-10-09T22:50:45","slug":"enzimas-moldeadoras","status":"publish","type":"product","link":"https:\/\/vitalezza.co\/index.php\/producto\/enzimas-moldeadoras\/","title":{"rendered":"Enzimas lipol\u00edticas moldeadoras"},"content":{"rendered":"<p>Valido por 1 sesi\u00f3n de Enzimas moldeadoras o paquete de 3 sesiones<\/p>\n","protected":false},"excerpt":{"rendered":"<p>Las enzimas reductoras\u00a0<b>son una alternativa no quir\u00fargica para reducir la grasa localizada en el cuerpo<\/b>. Estas sustancias ayudan a descomponer la grasa acumulada en el organismo y, a diferencia de otros procedimientos como la liposucci\u00f3n, no requieren bistur\u00ed ni quir\u00f3fano y no tienen efectos secundarios graves.<\/p>\n","protected":false},"featured_media":2553,"template":"","meta":{"_et_pb_use_builder":"","_et_pb_old_content":"","_et_gb_content_width":"","om_disable_all_campaigns":false,"_monsterinsights_skip_tracking":false,"_monsterinsights_sitenote_active":false,"_monsterinsights_sitenote_note":"","_monsterinsights_sitenote_category":0,"spay_email":"","_joinchat":[]},"product_cat":[79],"product_tag":[],"aioseo_notices":[],"_links":{"self":[{"href":"https:\/\/vitalezza.co\/index.php\/wp-json\/wp\/v2\/product\/2027"}],"collection":[{"href":"https:\/\/vitalezza.co\/index.php\/wp-json\/wp\/v2\/product"}],"about":[{"href":"https:\/\/vitalezza.co\/index.php\/wp-json\/wp\/v2\/types\/product"}],"wp:featuredmedia":[{"embeddable":true,"href":"https:\/\/vitalezza.co\/index.php\/wp-json\/wp\/v2\/media\/2553"}],"wp:attachment":[{"href":"https:\/\/vitalezza.co\/index.php\/wp-json\/wp\/v2\/media?parent=2027"}],"wp:term":[{"taxonomy":"product_cat","embeddable":true,"href":"https:\/\/vitalezza.co\/index.php\/wp-json\/wp\/v2\/product_cat?post=2027"},{"taxonomy":"product_tag","embeddable":true,"href":"https:\/\/vitalezza.co\/index.php\/wp-json\/wp\/v2\/product_tag?post=2027"}],"curies":[{"name":"wp","href":"https:\/\/api.w.org\/{rel}","templated":true}]}}