{"id":2022,"date":"2023-09-29T00:52:32","date_gmt":"2023-09-29T00:52:32","guid":{"rendered":"https:\/\/vitalezza.co\/?post_type=product&#038;p=2022"},"modified":"2025-10-13T23:44:50","modified_gmt":"2025-10-13T23:44:50","slug":"laser-co2-cicatrices-acne","status":"publish","type":"product","link":"https:\/\/vitalezza.co\/index.php\/producto\/laser-co2-cicatrices-acne\/","title":{"rendered":"Tratamiento para cicatrices de acn\u00e9"},"content":{"rendered":"<p>Valido por 2 sesi\u00f3n de peeling para cicatrices de acn\u00e9 + nanopore con bioestimulador de col\u00e1geno<\/p>\n","protected":false},"excerpt":{"rendered":"<p>Valido por 2 sesi\u00f3n de peeling para cicatrices de acn\u00e9 + nanopore con bioestimulador de col\u00e1geno<\/p>\n","protected":false},"featured_media":2588,"template":"","meta":{"_et_pb_use_builder":"","_et_pb_old_content":"","_et_gb_content_width":"","om_disable_all_campaigns":false,"_monsterinsights_skip_tracking":false,"_monsterinsights_sitenote_active":false,"_monsterinsights_sitenote_note":"","_monsterinsights_sitenote_category":0,"spay_email":"","_joinchat":[]},"product_cat":[78],"product_tag":[],"aioseo_notices":[],"_links":{"self":[{"href":"https:\/\/vitalezza.co\/index.php\/wp-json\/wp\/v2\/product\/2022"}],"collection":[{"href":"https:\/\/vitalezza.co\/index.php\/wp-json\/wp\/v2\/product"}],"about":[{"href":"https:\/\/vitalezza.co\/index.php\/wp-json\/wp\/v2\/types\/product"}],"wp:featuredmedia":[{"embeddable":true,"href":"https:\/\/vitalezza.co\/index.php\/wp-json\/wp\/v2\/media\/2588"}],"wp:attachment":[{"href":"https:\/\/vitalezza.co\/index.php\/wp-json\/wp\/v2\/media?parent=2022"}],"wp:term":[{"taxonomy":"product_cat","embeddable":true,"href":"https:\/\/vitalezza.co\/index.php\/wp-json\/wp\/v2\/product_cat?post=2022"},{"taxonomy":"product_tag","embeddable":true,"href":"https:\/\/vitalezza.co\/index.php\/wp-json\/wp\/v2\/product_tag?post=2022"}],"curies":[{"name":"wp","href":"https:\/\/api.w.org\/{rel}","templated":true}]}}