{"id":2014,"date":"2023-09-29T00:44:33","date_gmt":"2023-09-29T00:44:33","guid":{"rendered":"https:\/\/vitalezza.co\/?post_type=product&#038;p=2014"},"modified":"2025-10-13T22:47:06","modified_gmt":"2025-10-13T22:47:06","slug":"ultraskin-full-face","status":"publish","type":"product","link":"https:\/\/vitalezza.co\/index.php\/producto\/ultraskin-full-face\/","title":{"rendered":"Tratamiento l\u00e1ser para ros\u00e1cea"},"content":{"rendered":"<p>Valido por 4 sesi\u00f3nes de L\u00e1ser para tratamiento de rosacea<\/p>\n","protected":false},"excerpt":{"rendered":"<p>Valido por 4 sesi\u00f3nes de L\u00e1ser para tratamiento de rosacea<\/p>\n","protected":false},"featured_media":3089,"template":"","meta":{"_et_pb_use_builder":"","_et_pb_old_content":"","_et_gb_content_width":"","om_disable_all_campaigns":false,"_monsterinsights_skip_tracking":false,"_monsterinsights_sitenote_active":false,"_monsterinsights_sitenote_note":"","_monsterinsights_sitenote_category":0,"spay_email":"","_joinchat":[]},"product_cat":[78],"product_tag":[],"aioseo_notices":[],"_links":{"self":[{"href":"https:\/\/vitalezza.co\/index.php\/wp-json\/wp\/v2\/product\/2014"}],"collection":[{"href":"https:\/\/vitalezza.co\/index.php\/wp-json\/wp\/v2\/product"}],"about":[{"href":"https:\/\/vitalezza.co\/index.php\/wp-json\/wp\/v2\/types\/product"}],"wp:featuredmedia":[{"embeddable":true,"href":"https:\/\/vitalezza.co\/index.php\/wp-json\/wp\/v2\/media\/3089"}],"wp:attachment":[{"href":"https:\/\/vitalezza.co\/index.php\/wp-json\/wp\/v2\/media?parent=2014"}],"wp:term":[{"taxonomy":"product_cat","embeddable":true,"href":"https:\/\/vitalezza.co\/index.php\/wp-json\/wp\/v2\/product_cat?post=2014"},{"taxonomy":"product_tag","embeddable":true,"href":"https:\/\/vitalezza.co\/index.php\/wp-json\/wp\/v2\/product_tag?post=2014"}],"curies":[{"name":"wp","href":"https:\/\/api.w.org\/{rel}","templated":true}]}}