{"id":2013,"date":"2023-09-29T00:43:04","date_gmt":"2023-09-29T00:43:04","guid":{"rendered":"https:\/\/vitalezza.co\/?post_type=product&#038;p=2013"},"modified":"2025-10-13T21:47:07","modified_gmt":"2025-10-13T21:47:07","slug":"ultraskin-hifu-zona","status":"publish","type":"product","link":"https:\/\/vitalezza.co\/index.php\/producto\/ultraskin-hifu-zona\/","title":{"rendered":"Armonizaci\u00f3n facial con \u00e1cido hialuronico"},"content":{"rendered":"<p>Valido por 1 sesi\u00f3n de armonizaci\u00f3n facial<\/p>\n<p>Armonizaci\u00f3n de las siguientes \u00e1reas: ojeras, nariz\/menton, labios y p\u00f3mulos<\/p>\n","protected":false},"excerpt":{"rendered":"<p>Valido por 1 sesi\u00f3n de armonizaci\u00f3n facial Armonizaci\u00f3n de las siguientes \u00e1reas: ojeras, nariz\/menton, labios y p\u00f3mulos<\/p>\n","protected":false},"featured_media":3087,"template":"","meta":{"_et_pb_use_builder":"","_et_pb_old_content":"","_et_gb_content_width":"","om_disable_all_campaigns":false,"_monsterinsights_skip_tracking":false,"_monsterinsights_sitenote_active":false,"_monsterinsights_sitenote_note":"","_monsterinsights_sitenote_category":0,"spay_email":"","_joinchat":[]},"product_cat":[78],"product_tag":[],"aioseo_notices":[],"_links":{"self":[{"href":"https:\/\/vitalezza.co\/index.php\/wp-json\/wp\/v2\/product\/2013"}],"collection":[{"href":"https:\/\/vitalezza.co\/index.php\/wp-json\/wp\/v2\/product"}],"about":[{"href":"https:\/\/vitalezza.co\/index.php\/wp-json\/wp\/v2\/types\/product"}],"wp:featuredmedia":[{"embeddable":true,"href":"https:\/\/vitalezza.co\/index.php\/wp-json\/wp\/v2\/media\/3087"}],"wp:attachment":[{"href":"https:\/\/vitalezza.co\/index.php\/wp-json\/wp\/v2\/media?parent=2013"}],"wp:term":[{"taxonomy":"product_cat","embeddable":true,"href":"https:\/\/vitalezza.co\/index.php\/wp-json\/wp\/v2\/product_cat?post=2013"},{"taxonomy":"product_tag","embeddable":true,"href":"https:\/\/vitalezza.co\/index.php\/wp-json\/wp\/v2\/product_tag?post=2013"}],"curies":[{"name":"wp","href":"https:\/\/api.w.org\/{rel}","templated":true}]}}