{"id":2012,"date":"2023-09-29T00:41:57","date_gmt":"2023-09-29T00:41:57","guid":{"rendered":"https:\/\/vitalezza.co\/?post_type=product&#038;p=2012"},"modified":"2025-10-13T21:38:58","modified_gmt":"2025-10-13T21:38:58","slug":"mascara-led","status":"publish","type":"product","link":"https:\/\/vitalezza.co\/index.php\/producto\/mascara-led\/","title":{"rendered":"Despigmentaci\u00f3n facial con depilaci\u00f3n laser trionda, l\u00e1ser picosegundos y terapia LED"},"content":{"rendered":"<p>Valido por 6 sesi\u00f3n de depilaci\u00f3n facial, l\u00e1ser despigmentante y Mascara led<\/p>\n","protected":false},"excerpt":{"rendered":"<p>Valido por 6 sesi\u00f3n de depilaci\u00f3n facial, l\u00e1ser despigmentante y Mascara led<\/p>\n","protected":false},"featured_media":2592,"template":"","meta":{"_et_pb_use_builder":"","_et_pb_old_content":"","_et_gb_content_width":"","om_disable_all_campaigns":false,"_monsterinsights_skip_tracking":false,"_monsterinsights_sitenote_active":false,"_monsterinsights_sitenote_note":"","_monsterinsights_sitenote_category":0,"spay_email":"","_joinchat":[]},"product_cat":[78],"product_tag":[],"aioseo_notices":[],"_links":{"self":[{"href":"https:\/\/vitalezza.co\/index.php\/wp-json\/wp\/v2\/product\/2012"}],"collection":[{"href":"https:\/\/vitalezza.co\/index.php\/wp-json\/wp\/v2\/product"}],"about":[{"href":"https:\/\/vitalezza.co\/index.php\/wp-json\/wp\/v2\/types\/product"}],"wp:featuredmedia":[{"embeddable":true,"href":"https:\/\/vitalezza.co\/index.php\/wp-json\/wp\/v2\/media\/2592"}],"wp:attachment":[{"href":"https:\/\/vitalezza.co\/index.php\/wp-json\/wp\/v2\/media?parent=2012"}],"wp:term":[{"taxonomy":"product_cat","embeddable":true,"href":"https:\/\/vitalezza.co\/index.php\/wp-json\/wp\/v2\/product_cat?post=2012"},{"taxonomy":"product_tag","embeddable":true,"href":"https:\/\/vitalezza.co\/index.php\/wp-json\/wp\/v2\/product_tag?post=2012"}],"curies":[{"name":"wp","href":"https:\/\/api.w.org\/{rel}","templated":true}]}}