{"id":2007,"date":"2023-09-29T00:32:43","date_gmt":"2023-09-29T00:32:43","guid":{"rendered":"https:\/\/vitalezza.co\/?post_type=product&#038;p=2007"},"modified":"2025-10-13T21:11:22","modified_gmt":"2025-10-13T21:11:22","slug":"peeling-ultrasonico-incluido-en-limpieza-facial","status":"publish","type":"product","link":"https:\/\/vitalezza.co\/index.php\/producto\/peeling-ultrasonico-incluido-en-limpieza-facial\/","title":{"rendered":"Limpieza facial con IA y equipo multifuncional"},"content":{"rendered":"<p>Valido por 1 sesi\u00f3n de Limpieza con Skintech Hydra. La limpieza facial mas avanzada con technolog\u00eda de ultima generaci\u00f3n con inteligencia artificial para transformar tu piel desde la primera sesi\u00f3n<\/p>\n<p class=\"p1\">Incluye un protocolo completo y de alto impacto:<\/p>\n<p class=\"p1\"><span class=\"s1\">\u2714<\/span> Limpieza profunda inicial<\/p>\n<p class=\"p1\"><span class=\"s1\">\u2714<\/span> Exfoliaci\u00f3n manual + vapor de ozono<\/p>\n<p class=\"p1\"><span class=\"s1\">\u2714<\/span> Hidroabrasi\u00f3n con equipo especializado<\/p>\n<p class=\"p1\"><span class=\"s1\">\u2714<\/span> Extracci\u00f3n mecanizada y peeling ultras\u00f3nico<\/p>\n<p class=\"p1\"><span class=\"s1\">\u2714<\/span> Terapia de ultrasonido para estimular la piel<\/p>\n<p class=\"p1\"><span class=\"s1\">\u2714<\/span> Martillo fr\u00edo para cerrar poros y calmar<\/p>\n<p class=\"p1\"><span class=\"s1\">\u2714<\/span> Radiofrecuencia facial para firmeza y rejuvenecimiento<\/p>\n<p class=\"p1\"><span class=\"s1\">\u2714<\/span> Hidrataci\u00f3n final para un acabado radiante<\/p>\n<p>&nbsp;<\/p>\n","protected":false},"excerpt":{"rendered":"<p>Valido por 1 sesi\u00f3n de Limpieza con Skintech Hydra. La limpieza facial mas avanzada con technolog\u00eda de ultima generaci\u00f3n con inteligencia artificial para transformar tu piel desde la primera sesi\u00f3n Incluye un protocolo completo y de alto impacto: \u2714 Limpieza profunda inicial \u2714 Exfoliaci\u00f3n manual + vapor de ozono \u2714 Hidroabrasi\u00f3n con equipo especializado \u2714 [&hellip;]<\/p>\n","protected":false},"featured_media":3079,"template":"","meta":{"_et_pb_use_builder":"","_et_pb_old_content":"","_et_gb_content_width":"","om_disable_all_campaigns":false,"_monsterinsights_skip_tracking":false,"_monsterinsights_sitenote_active":false,"_monsterinsights_sitenote_note":"","_monsterinsights_sitenote_category":0,"spay_email":"","_joinchat":[]},"product_cat":[78],"product_tag":[],"aioseo_notices":[],"_links":{"self":[{"href":"https:\/\/vitalezza.co\/index.php\/wp-json\/wp\/v2\/product\/2007"}],"collection":[{"href":"https:\/\/vitalezza.co\/index.php\/wp-json\/wp\/v2\/product"}],"about":[{"href":"https:\/\/vitalezza.co\/index.php\/wp-json\/wp\/v2\/types\/product"}],"wp:featuredmedia":[{"embeddable":true,"href":"https:\/\/vitalezza.co\/index.php\/wp-json\/wp\/v2\/media\/3079"}],"wp:attachment":[{"href":"https:\/\/vitalezza.co\/index.php\/wp-json\/wp\/v2\/media?parent=2007"}],"wp:term":[{"taxonomy":"product_cat","embeddable":true,"href":"https:\/\/vitalezza.co\/index.php\/wp-json\/wp\/v2\/product_cat?post=2007"},{"taxonomy":"product_tag","embeddable":true,"href":"https:\/\/vitalezza.co\/index.php\/wp-json\/wp\/v2\/product_tag?post=2007"}],"curies":[{"name":"wp","href":"https:\/\/api.w.org\/{rel}","templated":true}]}}