{"id":1989,"date":"2023-09-29T00:07:46","date_gmt":"2023-09-29T00:07:46","guid":{"rendered":"https:\/\/vitalezza.co\/?post_type=product&#038;p=1989"},"modified":"2025-10-13T17:50:41","modified_gmt":"2025-10-13T17:50:41","slug":"menton-2","status":"publish","type":"product","link":"https:\/\/vitalezza.co\/index.php\/producto\/menton-2\/","title":{"rendered":"\u00c1cido Hialur\u00f3nico para perfilado de ment\u00f3n"},"content":{"rendered":"<p>Valido por 1 sesi\u00f3n de \u00c1cido Hialur\u00f3nico para perfilar el menton<\/p>\n","protected":false},"excerpt":{"rendered":"<p>Valido por 1 sesi\u00f3n de \u00c1cido Hialur\u00f3nico para perfilar el menton<\/p>\n","protected":false},"featured_media":2571,"template":"","meta":{"_et_pb_use_builder":"","_et_pb_old_content":"","_et_gb_content_width":"","om_disable_all_campaigns":false,"_monsterinsights_skip_tracking":false,"_monsterinsights_sitenote_active":false,"_monsterinsights_sitenote_note":"","_monsterinsights_sitenote_category":0,"spay_email":"","_joinchat":[]},"product_cat":[78],"product_tag":[],"aioseo_notices":[],"_links":{"self":[{"href":"https:\/\/vitalezza.co\/index.php\/wp-json\/wp\/v2\/product\/1989"}],"collection":[{"href":"https:\/\/vitalezza.co\/index.php\/wp-json\/wp\/v2\/product"}],"about":[{"href":"https:\/\/vitalezza.co\/index.php\/wp-json\/wp\/v2\/types\/product"}],"wp:featuredmedia":[{"embeddable":true,"href":"https:\/\/vitalezza.co\/index.php\/wp-json\/wp\/v2\/media\/2571"}],"wp:attachment":[{"href":"https:\/\/vitalezza.co\/index.php\/wp-json\/wp\/v2\/media?parent=1989"}],"wp:term":[{"taxonomy":"product_cat","embeddable":true,"href":"https:\/\/vitalezza.co\/index.php\/wp-json\/wp\/v2\/product_cat?post=1989"},{"taxonomy":"product_tag","embeddable":true,"href":"https:\/\/vitalezza.co\/index.php\/wp-json\/wp\/v2\/product_tag?post=1989"}],"curies":[{"name":"wp","href":"https:\/\/api.w.org\/{rel}","templated":true}]}}