{"id":1985,"date":"2023-09-29T00:02:21","date_gmt":"2023-09-29T00:02:21","guid":{"rendered":"https:\/\/vitalezza.co\/?post_type=product&#038;p=1985"},"modified":"2025-10-13T04:59:49","modified_gmt":"2025-10-13T04:59:49","slug":"mesobotox","status":"publish","type":"product","link":"https:\/\/vitalezza.co\/index.php\/producto\/mesobotox\/","title":{"rendered":"Mesobotox tercio superior facial (frente, entrecejo y periocular)"},"content":{"rendered":"<p>Valido por 1 sesi\u00f3n de Mesobotox<\/p>\n<p>Terapia de rejuvenecimiento que aten\u00faa las lineas de expresi\u00f3n y que nutre la piel con una hidrataci\u00f3n inyectada como complemento del tratamiento<\/p>\n","protected":false},"excerpt":{"rendered":"<p>Valido por 1 sesi\u00f3n de Mesobotox Terapia de rejuvenecimiento que aten\u00faa las lineas de expresi\u00f3n y que nutre la piel con una hidrataci\u00f3n inyectada como complemento del tratamiento<\/p>\n","protected":false},"featured_media":2593,"template":"","meta":{"_et_pb_use_builder":"","_et_pb_old_content":"","_et_gb_content_width":"","om_disable_all_campaigns":false,"_monsterinsights_skip_tracking":false,"_monsterinsights_sitenote_active":false,"_monsterinsights_sitenote_note":"","_monsterinsights_sitenote_category":0,"spay_email":"","_joinchat":[]},"product_cat":[78],"product_tag":[],"aioseo_notices":[],"_links":{"self":[{"href":"https:\/\/vitalezza.co\/index.php\/wp-json\/wp\/v2\/product\/1985"}],"collection":[{"href":"https:\/\/vitalezza.co\/index.php\/wp-json\/wp\/v2\/product"}],"about":[{"href":"https:\/\/vitalezza.co\/index.php\/wp-json\/wp\/v2\/types\/product"}],"wp:featuredmedia":[{"embeddable":true,"href":"https:\/\/vitalezza.co\/index.php\/wp-json\/wp\/v2\/media\/2593"}],"wp:attachment":[{"href":"https:\/\/vitalezza.co\/index.php\/wp-json\/wp\/v2\/media?parent=1985"}],"wp:term":[{"taxonomy":"product_cat","embeddable":true,"href":"https:\/\/vitalezza.co\/index.php\/wp-json\/wp\/v2\/product_cat?post=1985"},{"taxonomy":"product_tag","embeddable":true,"href":"https:\/\/vitalezza.co\/index.php\/wp-json\/wp\/v2\/product_tag?post=1985"}],"curies":[{"name":"wp","href":"https:\/\/api.w.org\/{rel}","templated":true}]}}